{"id":2562,"date":"2025-08-20T16:17:47","date_gmt":"2025-08-20T16:17:47","guid":{"rendered":"https:\/\/dev.philosophie.consulting\/?page_id=2562"},"modified":"2025-08-26T11:04:12","modified_gmt":"2025-08-26T11:04:12","slug":"imprint","status":"publish","type":"page","link":"https:\/\/philosophie.consulting\/en\/imprint\/","title":{"rendered":"Imprint"},"content":{"rendered":"\t\t<div data-elementor-type=\"wp-page\" data-elementor-id=\"2562\" class=\"elementor elementor-2562\" data-elementor-post-type=\"page\">\n\t\t\t\t<div class=\"elementor-element elementor-element-5f97a04 e-flex e-con-boxed e-con e-parent\" data-id=\"5f97a04\" data-element_type=\"container\" data-settings=\"{&quot;background_background&quot;:&quot;classic&quot;}\">\n\t\t\t\t\t<div class=\"e-con-inner\">\n\t\t\t\t\t<\/div>\n\t\t\t\t<\/div>\n\t\t<div class=\"elementor-element elementor-element-850dab2 e-flex e-con-boxed e-con e-parent\" data-id=\"850dab2\" data-element_type=\"container\">\n\t\t\t\t\t<div class=\"e-con-inner\">\n\t\t\t\t<div class=\"elementor-element elementor-element-9912e97 elementor-widget elementor-widget-text-editor\" data-id=\"9912e97\" data-element_type=\"widget\" data-widget_type=\"text-editor.default\">\n\t\t\t\t\t\t\t\t\t<p>Philosophie Zurkirchen Coaching and Consulting<br \/>Rue du village 97<br \/>CH-1874 Champ\u00e9ry<br \/>Switzerland<\/p><p>hello (a) philosophie.consulting<\/p><p>www.philosophie.consulting<\/p><h2>Screen design and realization of the website<\/h2><p>Philosophie Zurkirchen Coaching and Consulting<\/p><h2>Texts &amp; text conception<\/h2><p>Philippe Zurkirchen<\/p><h2>Image sources and originators<\/h2><ul><li>H\u00f4tel Beau-S\u00e9jour SA<\/li><li>R\u00e9gion Dents du Midi SA<\/li><li>OpenAI<\/li><li>Shutterstock<\/li><\/ul><h3>Further Information<\/h3><p>You can find our terms and conditions in the current version <a href=\"https:\/\/philosophie.consulting\/gtc\/\">here<\/a><br \/>You can find our privacy policy <a href=\"https:\/\/philosophie.consulting\/protection-des-donnees\/\">here<\/a> in French<\/p>\t\t\t\t\t\t\t\t<\/div>\n\t\t\t\t\t<\/div>\n\t\t\t\t<\/div>\n\t\t\t\t<\/div>\n\t\t","protected":false},"excerpt":{"rendered":"<p>Philosophie Zurkirchen Coaching and ConsultingRue du village 97CH-1874 Champ\u00e9rySwitzerland hello (a) philosophie.consulting www.philosophie.consulting Screen design and realization of the website Philosophie Zurkirchen Coaching and Consulting Texts &amp; text conception Philippe Zurkirchen Image sources and originators H\u00f4tel Beau-S\u00e9jour SA R\u00e9gion Dents du Midi SA OpenAI Shutterstock Further Information You can find our terms and conditions in [&hellip;]<\/p>\n","protected":false},"author":2,"featured_media":0,"parent":0,"menu_order":0,"comment_status":"closed","ping_status":"closed","template":"","meta":{"footnotes":""},"class_list":["post-2562","page","type-page","status-publish","hentry"],"_links":{"self":[{"href":"https:\/\/philosophie.consulting\/en\/wp-json\/wp\/v2\/pages\/2562","targetHints":{"allow":["GET"]}}],"collection":[{"href":"https:\/\/philosophie.consulting\/en\/wp-json\/wp\/v2\/pages"}],"about":[{"href":"https:\/\/philosophie.consulting\/en\/wp-json\/wp\/v2\/types\/page"}],"author":[{"embeddable":true,"href":"https:\/\/philosophie.consulting\/en\/wp-json\/wp\/v2\/users\/2"}],"replies":[{"embeddable":true,"href":"https:\/\/philosophie.consulting\/en\/wp-json\/wp\/v2\/comments?post=2562"}],"version-history":[{"count":10,"href":"https:\/\/philosophie.consulting\/en\/wp-json\/wp\/v2\/pages\/2562\/revisions"}],"predecessor-version":[{"id":2917,"href":"https:\/\/philosophie.consulting\/en\/wp-json\/wp\/v2\/pages\/2562\/revisions\/2917"}],"wp:attachment":[{"href":"https:\/\/philosophie.consulting\/en\/wp-json\/wp\/v2\/media?parent=2562"}],"curies":[{"name":"wp","href":"https:\/\/api.w.org\/{rel}","templated":true}]}}