{"id":2545,"date":"2025-08-20T16:11:36","date_gmt":"2025-08-20T16:11:36","guid":{"rendered":"https:\/\/dev.philosophie.consulting\/?page_id=2545"},"modified":"2025-08-26T11:06:36","modified_gmt":"2025-08-26T11:06:36","slug":"protection-des-donnees","status":"publish","type":"page","link":"https:\/\/philosophie.consulting\/en\/protection-des-donnees\/","title":{"rendered":"Protection des donn\u00e9es"},"content":{"rendered":"\t\t<div data-elementor-type=\"wp-page\" data-elementor-id=\"2545\" class=\"elementor elementor-2545\" data-elementor-post-type=\"page\">\n\t\t\t\t<div class=\"elementor-element elementor-element-5f97a04 e-flex e-con-boxed e-con e-parent\" data-id=\"5f97a04\" data-element_type=\"container\" data-settings=\"{&quot;background_background&quot;:&quot;classic&quot;}\">\n\t\t\t\t\t<div class=\"e-con-inner\">\n\t\t\t\t\t<\/div>\n\t\t\t\t<\/div>\n\t\t<div class=\"elementor-element elementor-element-850dab2 e-flex e-con-boxed e-con e-parent\" data-id=\"850dab2\" data-element_type=\"container\">\n\t\t\t\t\t<div class=\"e-con-inner\">\n\t\t\t\t<div class=\"elementor-element elementor-element-9912e97 elementor-widget elementor-widget-text-editor\" data-id=\"9912e97\" data-element_type=\"widget\" data-widget_type=\"text-editor.default\">\n\t\t\t\t\t\t\t\t\t<p>This Declaration is for Legal Purposes, only available in French.<\/p><h2>D\u00e9claration de protection des donn\u00e9es<\/h2><p><em>Boutique H\u00f4tel Beau-S\u00e9jour &amp; Spa<\/em><\/p><h3>R\u00e9sum\u00e9 | Synth\u00e8se<\/h3><h4>Type de donn\u00e9es personnelles<\/h4><div>\u00a0<\/div><h5><b>Donn\u00e9es personnelles d&#8217;ordre g\u00e9n\u00e9ral<\/b><\/h5><p>Nous traitons des donn\u00e9es personnelles d&#8217;ordre g\u00e9n\u00e9ral vous concernant, p. ex. le nom et les donn\u00e9es de contact.<\/p><h5><b>Donn\u00e9es concernant la sant\u00e9<\/b><\/h5><p>Nous traitons vos donn\u00e9es concernant la sant\u00e9, p. ex. allergies.<\/p><h5><b>Donn\u00e9es de localisation<\/b><\/h5><p>Nous traitons vos donn\u00e9es de localisation, p. ex. votre canton ou votre pays via la navigation sur notre site internet.<\/p><h5><b>Sph\u00e8re priv\u00e9e<\/b><\/h5><p>Nous traitons des donn\u00e9es relatives \u00e0 votre sph\u00e8re priv\u00e9e et intime, p. ex. lien avec la personne qui vous accompagne.<\/p>\t\t\t\t\t\t\t\t<\/div>\n\t\t\t\t\t<\/div>\n\t\t\t\t<\/div>\n\t\t\t\t<\/div>\n\t\t","protected":false},"excerpt":{"rendered":"<p>This Declaration is for Legal Purposes, only available in French. D\u00e9claration de protection des donn\u00e9es Boutique H\u00f4tel Beau-S\u00e9jour &amp; Spa R\u00e9sum\u00e9 | Synth\u00e8se Type de donn\u00e9es personnelles \u00a0 Donn\u00e9es personnelles d&#8217;ordre g\u00e9n\u00e9ral Nous traitons des donn\u00e9es personnelles d&#8217;ordre g\u00e9n\u00e9ral vous concernant, p. ex. le nom et les donn\u00e9es de contact. Donn\u00e9es concernant la sant\u00e9 Nous [&hellip;]<\/p>\n","protected":false},"author":2,"featured_media":0,"parent":0,"menu_order":0,"comment_status":"closed","ping_status":"closed","template":"","meta":{"footnotes":""},"class_list":["post-2545","page","type-page","status-publish","hentry"],"_links":{"self":[{"href":"https:\/\/philosophie.consulting\/en\/wp-json\/wp\/v2\/pages\/2545","targetHints":{"allow":["GET"]}}],"collection":[{"href":"https:\/\/philosophie.consulting\/en\/wp-json\/wp\/v2\/pages"}],"about":[{"href":"https:\/\/philosophie.consulting\/en\/wp-json\/wp\/v2\/types\/page"}],"author":[{"embeddable":true,"href":"https:\/\/philosophie.consulting\/en\/wp-json\/wp\/v2\/users\/2"}],"replies":[{"embeddable":true,"href":"https:\/\/philosophie.consulting\/en\/wp-json\/wp\/v2\/comments?post=2545"}],"version-history":[{"count":16,"href":"https:\/\/philosophie.consulting\/en\/wp-json\/wp\/v2\/pages\/2545\/revisions"}],"predecessor-version":[{"id":2920,"href":"https:\/\/philosophie.consulting\/en\/wp-json\/wp\/v2\/pages\/2545\/revisions\/2920"}],"wp:attachment":[{"href":"https:\/\/philosophie.consulting\/en\/wp-json\/wp\/v2\/media?parent=2545"}],"curies":[{"name":"wp","href":"https:\/\/api.w.org\/{rel}","templated":true}]}}